{"id":3,"date":"2019-12-06T20:41:00","date_gmt":"2019-12-06T20:41:00","guid":{"rendered":"https:\/\/praxis-barmo.de\/?page_id=3"},"modified":"2025-03-07T12:51:35","modified_gmt":"2025-03-07T12:51:35","slug":"impressum-datenschutz","status":"publish","type":"page","link":"https:\/\/freiburgpsychotherapie.de\/index.php\/impressum-datenschutz\/","title":{"rendered":"Impressum &#038; Datenschutz"},"content":{"rendered":"\n<h2 class=\"wp-block-heading\"><strong>Inhaber<\/strong><\/h2>\n\n\n\n<p>Feras Barmo<\/p>\n\n\n\n<p>Psychologischer Psychotherapeut<\/p>\n\n\n\n<p>Konviktstr. 43<\/p>\n\n\n\n<p>79098 Freiburg im Breisgau<\/p>\n\n\n\n<p>Telefon: 0160 2316142<\/p>\n\n\n\n<h3 class=\"wp-block-heading\"><strong>Gesetzliche Berufsbezeichnung, amtliche Registrierung<\/strong><\/h3>\n\n\n\n<ul class=\"wp-block-list\">\n<li>Psychologischer Psychotherapeut, verliehen in der Bundesrepublik Deutschland<\/li>\n\n\n\n<li>Kassen\u00e4rztliche Vereinigung Baden-W\u00fcrttemberg<\/li>\n\n\n\n<li>Gesetzliche Aufsichtsbeh\u00f6rde: Psychotherapeutenkammer Baden-W\u00fcrttemberg<\/li>\n\n\n\n<li>Zugelassen durch die Kassen\u00e4rztliche Vereinigung Baden-W\u00fcrttemberg<\/li>\n<\/ul>\n\n\n\n<h3 class=\"wp-block-heading\"><strong>Ma\u00dfgebliche berufsrechtliche Regelungen<\/strong><\/h3>\n\n\n\n<ul class=\"wp-block-list\">\n<li>Gesetz \u00fcber die Berufe des Psychologischen Psychotherapeuten und des Kinder- und  Jugendlichenpsychotherapeuten (Psychotherapeutengesetz\/PsychThG) in der aktuellen Fassung. ( Link: <a href=\"https:\/\/www.lpk-bw.de\/\">http:\/\/www.lpk-bw.de\/<\/a> -&gt;Men\u00fc: Kammer\/Rechtsgrundlagen)<\/li>\n\n\n\n<li>Berufsordnung der Landespsychotherapeutenkammer Baden-W\u00fcrttemberg in der aktuellen Fassung.  (Link: <a href=\"https:\/\/www.lpk-bw.de\/\">http:\/\/www.lpk-bw.de\/<\/a> -&gt;Men\u00fc: Kammer\/Satzungen)<\/li>\n<\/ul>\n\n\n\n<h3 class=\"wp-block-heading\"><strong>Haftungsausschluss<\/strong><\/h3>\n\n\n\n<p><em>1. Haftungsbeschr\u00e4nkung<\/em><\/p>\n\n\n\n<p>Die\n Inhalte des Internetauftritts wurden mit gr\u00f6\u00dftm\u00f6glicher Sorgfalt und \nnach bestem Gewissen erstellt. Dennoch \u00fcbernimmt der Inhaber dieser \nWebseite keine Gew\u00e4hr f\u00fcr die Aktualit\u00e4t, Vollst\u00e4ndigkeit und \nRichtigkeit der bereitgestellten Seiten und Inhalte.<\/p>\n\n\n\n<p>Als Diensteanbieter ist der Anbieter dieser Webseite gem\u00e4\u00df \u00a7 7 Abs. 1 TMG  f\u00fcr eigene Inhalte und bereitgestellte Informationen auf diesen Seiten nach den allgemeinen Gesetzen verantwortlich; nach den \u00a7\u00a7 8 bis 10 TMG jedoch nicht verpflichtet, die \u00fcbermittelten oder gespeicherten fremden  Informationen zu \u00fcberwachen. Eine Entfernung oder Sperrung dieser  Inhalte erfolgt umgehend ab dem Zeitpunkt der Kenntnis einer konkreten  Rechtsverletzung. Eine Haftung ist erst ab dem Zeitpunkt der  Kenntniserlangung m\u00f6glich.<\/p>\n\n\n\n<p><em>2. Externe Links<\/em><\/p>\n\n\n\n<p>Die\n Webseite enth\u00e4lt sog. \u201eexterne Links\u201c (Verlinkungen) zu anderen \nWebseiten, auf deren Inhalt der Anbieter der Webseite keinen Einfluss \nhat. Aus diesem Grund kann der Anbieter f\u00fcr diese Inhalte auch keine \nGew\u00e4hr \u00fcbernehmen.<\/p>\n\n\n\n<p>F\u00fcr\n die Inhalte und Richtigkeit der bereitgestellten Informationen ist der \njeweilige Anbieter der verlinkten Webseite verantwortlich. Zum Zeitpunkt\n der Verlinkung waren keine Rechtsverst\u00f6\u00dfe erkennbar. Bei Bekanntwerden \neiner solchen Rechtsverletzung wird der Link umgehend entfernen.<\/p>\n\n\n\n<p><em>3. Urheberrecht\/Leistungsschutzrecht<\/em><\/p>\n\n\n\n<p>Die auf dieser Webseite ver\u00f6ffentlichten Inhalte, Werke und  bereitgestellten Informationen unterliegen dem deutschen Urheberrecht  und Leistungsschutzrecht. Jede Art der Vervielf\u00e4ltigung, Bearbeitung,  Verbreitung, Einspeicherung und jede Art der Verwertung au\u00dferhalb der  Grenzen des Urheberrechts bedarf der vorherigen schriftlichen Zustimmung  des jeweiligen Rechteinhabers. Das unerlaubte Kopieren\/Speichern der bereitgestellten Informationen auf diesen Webseiten ist nicht gestattet und strafbar.<\/p>\n\n\n\n<p>Der Verwendung der Kontaktdaten durch Dritte zur gewerblichen Nutzung wird ausdr\u00fccklich widersprochen. Es sei denn, der Anbieter hat zuvor seine  schriftliche Einwilligung erteilt.<\/p>\n\n\n\n<p>Der Anbieter beh\u00e4lt sich rechtliche Schritte f\u00fcr den Fall der unverlangten  Zusendung von Werbeinformationen vor.<\/p>\n\n\n\n<p>(Quelle: <a href=\"http:\/\/www.mustervorlage.net\/disclaimer-muster\">Disclaimer-Muster)<\/a><\/p>\n\n\n\n<h2 class=\"wp-block-heading\"><strong>Datenschutzerkl\u00e4rung nach der DSGVO<\/strong><\/h2>\n\n\n\n<h3 class=\"wp-block-heading\"><em>Welche personenbezogenen Daten und welche weiteren Informationen werden beim Besuch der Website erhoben?<\/em><\/h3>\n\n\n\n<p>Es  werden keine personenbezogenenen Daten erhoben, wie z. B. Name,  Anschrift oder E-Mail-Adresse. Auf der Website ist die Emailadresse des  Anbieters angegeben, jedoch nicht verlinkt. Sollten Sie dem Anbieter  eine Email schreiben wollen, geschieht dies auf eigenen Verantwortung.  Der Anbieter weist darauf hin, dass die \u00dcbertragung von Daten im  Internet per E-Mail Sicherheitsl\u00fccken aufweisen und ein l\u00fcckenloser  Schutz der Daten vor dem Zugriff Dritter nicht gew\u00e4hrleistet werden  kann. Der Anbieter \u00fcbernimmt keine Haftung f\u00fcr die durch solche  Sicherheitsl\u00fccken entstandenen Sch\u00e4den.<\/p>\n\n\n\n<p>Beim  Aufruf der Webseite wird Ihre IP-Adresse mit dem Zeitpunkt und Inhalt  Ihres Abrufs einschlie\u00dflich der \u00fcbertragenen Datenmenge und der Meldung,  ob der Abruf erfolgreich war, erfasst. Die vor\u00fcbergehende Speicherung  der IP-Adresse erfolgt, um die Funktionsf\u00e4higkeit der Webseite  sicherzustellen. Diese Daten werden nach Ende des Zugriffs auf die  Webseite gel\u00f6scht, weil mit der Erreichung des Zweckes die Erhebung  nicht mehr erforderlich ist.<\/p>\n\n\n\n<h3 class=\"wp-block-heading\"><em>Welche Rechte hat der Besucher der Webseite?<\/em><\/h3>\n\n\n\n<p>Auskunft,  L\u00f6schung, Berichtigung, Widerspruch. Ihre Rechte k\u00f6nnen Sie schriftlich  oder per E-Mail gegen\u00fcber der im Impressum genannten Stelle geltend  machen. Ungeachtet dessen haben Sie das Recht auf Beschwerde bei einer  Aufsichtsbeh\u00f6rde ihres Aufenthaltsorts, ihres Arbeitsplatzes oder des  Orts der mutma\u00dflichen Datenschutzverletzung, wenn Sie der Ansicht sind,  dass die Verarbeitung der Sie betreffenden personenbezogenen Daten gegen  die Datenschutzgrundverordnung verst\u00f6\u00dft.<\/p>\n\n\n\n<h3 class=\"wp-block-heading\"><em>Welche Verschl\u00fcsselung benutzt diese Website?<\/em><\/h3>\n\n\n\n<p>Dieses Angebot unterst\u00fctzt gegenw\u00e4rtig eine SSL-Datenverschl\u00fcsselung.<\/p>\n\n\n\n<h3 class=\"wp-block-heading\"><em>Werden Cookies benutzt?<\/em><\/h3>\n\n\n\n<p>Cookies werden auf dieser Website durch den Betreiber nicht benutzt.<\/p>\n","protected":false},"excerpt":{"rendered":"<p>Inhaber Feras Barmo Psychologischer Psychotherapeut Konviktstr. 43 79098 Freiburg im Breisgau Telefon: 0160 2316142 Gesetzliche Berufsbezeichnung, amtliche Registrierung Ma\u00dfgebliche berufsrechtliche Regelungen Haftungsausschluss 1. Haftungsbeschr\u00e4nkung Die Inhalte des Internetauftritts wurden mit gr\u00f6\u00dftm\u00f6glicher Sorgfalt und nach bestem Gewissen erstellt. Dennoch \u00fcbernimmt der Inhaber dieser Webseite keine Gew\u00e4hr f\u00fcr die Aktualit\u00e4t, Vollst\u00e4ndigkeit und Richtigkeit der bereitgestellten Seiten und<br \/><a class=\"btn btn-theme post-btn\" href=\"https:\/\/freiburgpsychotherapie.de\/index.php\/impressum-datenschutz\/\">Weiterlesen<\/a><\/p>\n","protected":false},"author":1,"featured_media":0,"parent":0,"menu_order":3,"comment_status":"closed","ping_status":"closed","template":"","meta":{"footnotes":""},"class_list":["post-3","page","type-page","status-publish","hentry"],"_links":{"self":[{"href":"https:\/\/freiburgpsychotherapie.de\/index.php\/wp-json\/wp\/v2\/pages\/3","targetHints":{"allow":["GET"]}}],"collection":[{"href":"https:\/\/freiburgpsychotherapie.de\/index.php\/wp-json\/wp\/v2\/pages"}],"about":[{"href":"https:\/\/freiburgpsychotherapie.de\/index.php\/wp-json\/wp\/v2\/types\/page"}],"author":[{"embeddable":true,"href":"https:\/\/freiburgpsychotherapie.de\/index.php\/wp-json\/wp\/v2\/users\/1"}],"replies":[{"embeddable":true,"href":"https:\/\/freiburgpsychotherapie.de\/index.php\/wp-json\/wp\/v2\/comments?post=3"}],"version-history":[{"count":9,"href":"https:\/\/freiburgpsychotherapie.de\/index.php\/wp-json\/wp\/v2\/pages\/3\/revisions"}],"predecessor-version":[{"id":146,"href":"https:\/\/freiburgpsychotherapie.de\/index.php\/wp-json\/wp\/v2\/pages\/3\/revisions\/146"}],"wp:attachment":[{"href":"https:\/\/freiburgpsychotherapie.de\/index.php\/wp-json\/wp\/v2\/media?parent=3"}],"curies":[{"name":"wp","href":"https:\/\/api.w.org\/{rel}","templated":true}]}}